{"id":1782,"date":"2024-10-09T19:07:53","date_gmt":"2024-10-09T19:07:53","guid":{"rendered":"https:\/\/firstclasslimo.rs\/uslovi-koriscenja-sajta\/"},"modified":"2024-10-09T19:07:53","modified_gmt":"2024-10-09T19:07:53","slug":"uslovi-koriscenja-sajta","status":"publish","type":"page","link":"https:\/\/firstclasslimo.rs\/sr\/uslovi-koriscenja-sajta\/","title":{"rendered":"USLOVI KORI\u0160\u0106ENJA SAJTA"},"content":{"rendered":"<style>.kb-row-layout-id1620_5986c8-f0 > .kt-row-column-wrap{align-content:start;}:where(.kb-row-layout-id1620_5986c8-f0 > .kt-row-column-wrap) > .wp-block-kadence-column{justify-content:start;}.kb-row-layout-id1620_5986c8-f0 > .kt-row-column-wrap{column-gap:var(--global-kb-gap-md, 2rem);row-gap:var(--global-kb-gap-md, 2rem);max-width:1200px;margin-left:auto;margin-right:auto;padding-top:var(--global-kb-spacing-xl, 4rem);padding-bottom:var(--global-kb-spacing-xl, 4rem);grid-template-columns:minmax(0, 1fr);}.kb-row-layout-id1620_5986c8-f0 > .kt-row-layout-overlay{opacity:0.30;}@media all and (max-width: 1024px){.kb-row-layout-id1620_5986c8-f0 > .kt-row-column-wrap{grid-template-columns:minmax(0, 1fr);}}@media all and (max-width: 767px){.kb-row-layout-id1620_5986c8-f0 > .kt-row-column-wrap{padding-right:var(--global-kb-spacing-sm, 1.5rem);padding-left:var(--global-kb-spacing-sm, 1.5rem);grid-template-columns:minmax(0, 1fr);}}<\/style><div class=\"kb-row-layout-wrap kb-row-layout-id1620_5986c8-f0 alignnone wp-block-kadence-rowlayout\"><div class=\"kt-row-column-wrap kt-has-1-columns kt-row-layout-equal kt-tab-layout-inherit kt-mobile-layout-row kt-row-valign-top\">\n<style>.kadence-column1620_328211-f5 > .kt-inside-inner-col,.kadence-column1620_328211-f5 > .kt-inside-inner-col:before{border-top-left-radius:0px;border-top-right-radius:0px;border-bottom-right-radius:0px;border-bottom-left-radius:0px;}.kadence-column1620_328211-f5 > .kt-inside-inner-col{column-gap:var(--global-kb-gap-sm, 1rem);}.kadence-column1620_328211-f5 > .kt-inside-inner-col{flex-direction:column;}.kadence-column1620_328211-f5 > .kt-inside-inner-col > .aligncenter{width:100%;}.kadence-column1620_328211-f5 > .kt-inside-inner-col:before{opacity:0.3;}.kadence-column1620_328211-f5{position:relative;}@media all and (max-width: 1024px){.kadence-column1620_328211-f5 > .kt-inside-inner-col{flex-direction:column;}}@media all and (max-width: 767px){.kadence-column1620_328211-f5 > .kt-inside-inner-col{flex-direction:column;}}<\/style>\n<div class=\"wp-block-kadence-column kadence-column1620_328211-f5\"><div class=\"kt-inside-inner-col\"><style>.wp-block-kadence-advancedheading.kt-adv-heading1620_a64a2a-57, .wp-block-kadence-advancedheading.kt-adv-heading1620_a64a2a-57[data-kb-block=\"kb-adv-heading1620_a64a2a-57\"]{margin-top:200px;font-style:normal;}.wp-block-kadence-advancedheading.kt-adv-heading1620_a64a2a-57 mark.kt-highlight, .wp-block-kadence-advancedheading.kt-adv-heading1620_a64a2a-57[data-kb-block=\"kb-adv-heading1620_a64a2a-57\"] mark.kt-highlight{font-style:normal;color:#f76a0c;-webkit-box-decoration-break:clone;box-decoration-break:clone;padding-top:0px;padding-right:0px;padding-bottom:0px;padding-left:0px;}@media all and (max-width: 1024px){.wp-block-kadence-advancedheading.kt-adv-heading1620_a64a2a-57, .wp-block-kadence-advancedheading.kt-adv-heading1620_a64a2a-57[data-kb-block=\"kb-adv-heading1620_a64a2a-57\"]{margin-top:20px;}}@media all and (max-width: 767px){.wp-block-kadence-advancedheading.kt-adv-heading1620_a64a2a-57, .wp-block-kadence-advancedheading.kt-adv-heading1620_a64a2a-57[data-kb-block=\"kb-adv-heading1620_a64a2a-57\"]{margin-top:80px;}}<\/style>\n<h2 class=\"kt-adv-heading1620_a64a2a-57 wp-block-kadence-advancedheading\" data-kb-block=\"kb-adv-heading1620_a64a2a-57\">Uvodne odredbe<\/h2>\n\n\n<style>.wp-block-kadence-advancedheading.kt-adv-heading1620_d7d569-af, .wp-block-kadence-advancedheading.kt-adv-heading1620_d7d569-af[data-kb-block=\"kb-adv-heading1620_d7d569-af\"]{font-style:normal;}.wp-block-kadence-advancedheading.kt-adv-heading1620_d7d569-af mark.kt-highlight, .wp-block-kadence-advancedheading.kt-adv-heading1620_d7d569-af[data-kb-block=\"kb-adv-heading1620_d7d569-af\"] mark.kt-highlight{font-style:normal;color:#f76a0c;-webkit-box-decoration-break:clone;box-decoration-break:clone;padding-top:0px;padding-right:0px;padding-bottom:0px;padding-left:0px;}<\/style>\n<p class=\"kt-adv-heading1620_d7d569-af wp-block-kadence-advancedheading\" data-kb-block=\"kb-adv-heading1620_d7d569-af\">Ovi uslovi su ugovor izme\u0111u 1CLASSLIMO DOO kao vlasnika sajta i Vas kao korisnika, a kojim se utvr\u0111uju uslovi pod kojim se mo\u017ee pristupati i koristiti usluge i funkcije dostupne na na\u0161em sajtu.<\/p>\n\n\n<style>.wp-block-kadence-advancedheading.kt-adv-heading1620_4b9dbc-22, .wp-block-kadence-advancedheading.kt-adv-heading1620_4b9dbc-22[data-kb-block=\"kb-adv-heading1620_4b9dbc-22\"]{font-style:normal;}.wp-block-kadence-advancedheading.kt-adv-heading1620_4b9dbc-22 mark.kt-highlight, .wp-block-kadence-advancedheading.kt-adv-heading1620_4b9dbc-22[data-kb-block=\"kb-adv-heading1620_4b9dbc-22\"] mark.kt-highlight{font-style:normal;color:#f76a0c;-webkit-box-decoration-break:clone;box-decoration-break:clone;padding-top:0px;padding-right:0px;padding-bottom:0px;padding-left:0px;}<\/style>\n<p class=\"kt-adv-heading1620_4b9dbc-22 wp-block-kadence-advancedheading\" data-kb-block=\"kb-adv-heading1620_4b9dbc-22\">Va\u0161e kori\u0161\u0107enje sajta pored odredba ovih Uslova podle\u017eu i na\u0161im odredbama Op\u0161tih uslova poslovanja.<br>Molimo Vas da pa\u017eljivo pro\u010ditate odredbe Uslova kori\u0161\u0107enja sajta, te ukoliko nakon toga nastavite dalje kori\u0161\u0107enje sajta obave\u0161tavamo Vam da postajete ugovorna strana. Ako se ne sla\u017eete sa uslovima kori\u0161\u0107enja sajta odnosno sa pravama i obavezama iz ugovornog odnosa molimo Vas da napustite sajt.  <\/p>\n\n\n<style>.wp-block-kadence-advancedheading.kt-adv-heading1620_fc7ad5-29, .wp-block-kadence-advancedheading.kt-adv-heading1620_fc7ad5-29[data-kb-block=\"kb-adv-heading1620_fc7ad5-29\"]{font-style:normal;}.wp-block-kadence-advancedheading.kt-adv-heading1620_fc7ad5-29 mark.kt-highlight, .wp-block-kadence-advancedheading.kt-adv-heading1620_fc7ad5-29[data-kb-block=\"kb-adv-heading1620_fc7ad5-29\"] mark.kt-highlight{font-style:normal;color:#f76a0c;-webkit-box-decoration-break:clone;box-decoration-break:clone;padding-top:0px;padding-right:0px;padding-bottom:0px;padding-left:0px;}<\/style>\n<h2 class=\"kt-adv-heading1620_fc7ad5-29 wp-block-kadence-advancedheading\" data-kb-block=\"kb-adv-heading1620_fc7ad5-29\">Sadr\u017eaj i vlasni\u0161tvo sajta<\/h2>\n\n\n<style>.wp-block-kadence-advancedheading.kt-adv-heading1620_7590cc-c0, .wp-block-kadence-advancedheading.kt-adv-heading1620_7590cc-c0[data-kb-block=\"kb-adv-heading1620_7590cc-c0\"]{font-style:normal;}.wp-block-kadence-advancedheading.kt-adv-heading1620_7590cc-c0 mark.kt-highlight, .wp-block-kadence-advancedheading.kt-adv-heading1620_7590cc-c0[data-kb-block=\"kb-adv-heading1620_7590cc-c0\"] mark.kt-highlight{font-style:normal;color:#f76a0c;-webkit-box-decoration-break:clone;box-decoration-break:clone;padding-top:0px;padding-right:0px;padding-bottom:0px;padding-left:0px;}<\/style>\n<p class=\"kt-adv-heading1620_7590cc-c0 wp-block-kadence-advancedheading\" data-kb-block=\"kb-adv-heading1620_7590cc-c0\">Sve informacije, tekst, slike, video zapisi i ostali materijali na sajtu su na\u0161e vlasni\u0161tvo ili na\u0161ih partnera postavljenih uz dozvolu vlasnika ili nosioca prava. Nije dozvoljeno kopiranje, distribucija ili kori\u0161\u0107enje ovih materijala bez na\u0161e dozvole ili dozvole nosioca prava. <\/p>\n\n\n<style>.wp-block-kadence-advancedheading.kt-adv-heading1620_eed35a-07, .wp-block-kadence-advancedheading.kt-adv-heading1620_eed35a-07[data-kb-block=\"kb-adv-heading1620_eed35a-07\"]{font-style:normal;}.wp-block-kadence-advancedheading.kt-adv-heading1620_eed35a-07 mark.kt-highlight, .wp-block-kadence-advancedheading.kt-adv-heading1620_eed35a-07[data-kb-block=\"kb-adv-heading1620_eed35a-07\"] mark.kt-highlight{font-style:normal;color:#f76a0c;-webkit-box-decoration-break:clone;box-decoration-break:clone;padding-top:0px;padding-right:0px;padding-bottom:0px;padding-left:0px;}<\/style>\n<p class=\"kt-adv-heading1620_eed35a-07 wp-block-kadence-advancedheading\" data-kb-block=\"kb-adv-heading1620_eed35a-07\">Ukazujemo Vam da zloupotrebom kori\u0161\u0107enja prava intelektualne svojine podle\u017eete materijalnopravnoj i krivi\u010dnopravnoj odgovornosti.<br>U slu\u010daju neovla\u0161\u0107enog kori\u0161\u0107enja bilo kog autorskog ili srodnog prava objavljenog na sajtu<br>ovla\u0161\u0107eni smo da pokrenemo vansudske i sudske postupke radi za\u0161tite prava intelektualne svojine. <\/p>\n\n\n<style>.wp-block-kadence-advancedheading.kt-adv-heading1620_c6f5b9-2c, .wp-block-kadence-advancedheading.kt-adv-heading1620_c6f5b9-2c[data-kb-block=\"kb-adv-heading1620_c6f5b9-2c\"]{font-style:normal;}.wp-block-kadence-advancedheading.kt-adv-heading1620_c6f5b9-2c mark.kt-highlight, .wp-block-kadence-advancedheading.kt-adv-heading1620_c6f5b9-2c[data-kb-block=\"kb-adv-heading1620_c6f5b9-2c\"] mark.kt-highlight{font-style:normal;color:#f76a0c;-webkit-box-decoration-break:clone;box-decoration-break:clone;padding-top:0px;padding-right:0px;padding-bottom:0px;padding-left:0px;}<\/style>\n<h2 class=\"kt-adv-heading1620_c6f5b9-2c wp-block-kadence-advancedheading\" data-kb-block=\"kb-adv-heading1620_c6f5b9-2c\">Pristup i registracija<\/h2>\n\n\n<style>.wp-block-kadence-advancedheading.kt-adv-heading1620_417b0a-1f, .wp-block-kadence-advancedheading.kt-adv-heading1620_417b0a-1f[data-kb-block=\"kb-adv-heading1620_417b0a-1f\"]{font-style:normal;}.wp-block-kadence-advancedheading.kt-adv-heading1620_417b0a-1f mark.kt-highlight, .wp-block-kadence-advancedheading.kt-adv-heading1620_417b0a-1f[data-kb-block=\"kb-adv-heading1620_417b0a-1f\"] mark.kt-highlight{font-style:normal;color:#f76a0c;-webkit-box-decoration-break:clone;box-decoration-break:clone;padding-top:0px;padding-right:0px;padding-bottom:0px;padding-left:0px;}<\/style>\n<p class=\"kt-adv-heading1620_417b0a-1f wp-block-kadence-advancedheading\" data-kb-block=\"kb-adv-heading1620_417b0a-1f\">Ako \u017eelite da pristupite specifi\u010dnim funkcijama veb sajta i koristite odre\u0111ene usluge, bi\u0107e potrebno da se registrujete. Tokom registracije morate pru\u017eiti ta\u010dne i a\u017eurirane informacije i \u010duvati svoj nalog sigurnim, \u0161to mi tako\u0111e radimo za vas. <\/p>\n\n\n<style>.wp-block-kadence-advancedheading.kt-adv-heading1620_62c83a-f6, .wp-block-kadence-advancedheading.kt-adv-heading1620_62c83a-f6[data-kb-block=\"kb-adv-heading1620_62c83a-f6\"]{font-style:normal;}.wp-block-kadence-advancedheading.kt-adv-heading1620_62c83a-f6 mark.kt-highlight, .wp-block-kadence-advancedheading.kt-adv-heading1620_62c83a-f6[data-kb-block=\"kb-adv-heading1620_62c83a-f6\"] mark.kt-highlight{font-style:normal;color:#f76a0c;-webkit-box-decoration-break:clone;box-decoration-break:clone;padding-top:0px;padding-right:0px;padding-bottom:0px;padding-left:0px;}<\/style>\n<p class=\"kt-adv-heading1620_62c83a-f6 wp-block-kadence-advancedheading\" data-kb-block=\"kb-adv-heading1620_62c83a-f6\">Deljenje svog korisni\u010dkog imena i lozinke s drugima nije dozvoljeno. U slu\u010daju zloupotrebe naloga ili ako unesete neta\u010dne informacije ili informacije koje pripadaju drugima, zadr\u017eavamo pravo da privremeno ili trajno obustavimo va\u0161 nalog. <\/p>\n\n\n<style>.wp-block-kadence-advancedheading.kt-adv-heading1620_099c83-09, .wp-block-kadence-advancedheading.kt-adv-heading1620_099c83-09[data-kb-block=\"kb-adv-heading1620_099c83-09\"]{font-style:normal;}.wp-block-kadence-advancedheading.kt-adv-heading1620_099c83-09 mark.kt-highlight, .wp-block-kadence-advancedheading.kt-adv-heading1620_099c83-09[data-kb-block=\"kb-adv-heading1620_099c83-09\"] mark.kt-highlight{font-style:normal;color:#f76a0c;-webkit-box-decoration-break:clone;box-decoration-break:clone;padding-top:0px;padding-right:0px;padding-bottom:0px;padding-left:0px;}<\/style>\n<h2 class=\"kt-adv-heading1620_099c83-09 wp-block-kadence-advancedheading\" data-kb-block=\"kb-adv-heading1620_099c83-09\">Pona\u0161anje korisnika<\/h2>\n\n\n<style>.wp-block-kadence-advancedheading.kt-adv-heading1620_09d14c-90, .wp-block-kadence-advancedheading.kt-adv-heading1620_09d14c-90[data-kb-block=\"kb-adv-heading1620_09d14c-90\"]{font-style:normal;}.wp-block-kadence-advancedheading.kt-adv-heading1620_09d14c-90 mark.kt-highlight, .wp-block-kadence-advancedheading.kt-adv-heading1620_09d14c-90[data-kb-block=\"kb-adv-heading1620_09d14c-90\"] mark.kt-highlight{font-style:normal;color:#f76a0c;-webkit-box-decoration-break:clone;box-decoration-break:clone;padding-top:0px;padding-right:0px;padding-bottom:0px;padding-left:0px;}<\/style>\n<p class=\"kt-adv-heading1620_09d14c-90 wp-block-kadence-advancedheading\" data-kb-block=\"kb-adv-heading1620_09d14c-90\"><br>Kao korisnik obavezujete se da \u0107ete se pridr\u017eavati svih zakona i propisa prilikom kori\u0161\u0107enja sajta, pa ne smete vr\u0161iti bilo kakvo nezakonito, uvredljivo ili \u0161tetno pona\u0161anje koje mo\u017ee na\u0161koditi drugim korisnicima ili nama. Ako je Va\u0161e pona\u0161anje suprotno zakonskim propisima ovla\u0161\u0107eni smo da Vam trajno onemogu\u0107imo pristup sajtu i na\u0161im uslugama.  <\/p>\n\n\n<style>.wp-block-kadence-advancedheading.kt-adv-heading1620_3706fc-86, .wp-block-kadence-advancedheading.kt-adv-heading1620_3706fc-86[data-kb-block=\"kb-adv-heading1620_3706fc-86\"]{font-style:normal;}.wp-block-kadence-advancedheading.kt-adv-heading1620_3706fc-86 mark.kt-highlight, .wp-block-kadence-advancedheading.kt-adv-heading1620_3706fc-86[data-kb-block=\"kb-adv-heading1620_3706fc-86\"] mark.kt-highlight{font-style:normal;color:#f76a0c;-webkit-box-decoration-break:clone;box-decoration-break:clone;padding-top:0px;padding-right:0px;padding-bottom:0px;padding-left:0px;}<\/style>\n<h2 class=\"kt-adv-heading1620_3706fc-86 wp-block-kadence-advancedheading\" data-kb-block=\"kb-adv-heading1620_3706fc-86\">Politika privatnosti<\/h2>\n\n\n<style>.wp-block-kadence-advancedheading.kt-adv-heading1620_b69b3a-63, .wp-block-kadence-advancedheading.kt-adv-heading1620_b69b3a-63[data-kb-block=\"kb-adv-heading1620_b69b3a-63\"]{font-style:normal;}.wp-block-kadence-advancedheading.kt-adv-heading1620_b69b3a-63 mark.kt-highlight, .wp-block-kadence-advancedheading.kt-adv-heading1620_b69b3a-63[data-kb-block=\"kb-adv-heading1620_b69b3a-63\"] mark.kt-highlight{font-style:normal;color:#f76a0c;-webkit-box-decoration-break:clone;box-decoration-break:clone;padding-top:0px;padding-right:0px;padding-bottom:0px;padding-left:0px;}<\/style>\n<p class=\"kt-adv-heading1620_b69b3a-63 wp-block-kadence-advancedheading\" data-kb-block=\"kb-adv-heading1620_b69b3a-63\">Va\u0161a privatnost nam je va\u017ena, te prikupljamo samo neophodne informacije i \u010duvamo ih u skladu sa na\u0161om politikom privatnosti.<br>Radi realizacije usluge koju pru\u017eamo bi\u0107e nam potrebno Va\u0161e ime, prezime, adresa, e-mail, broj telefona. U pojedinim slu\u010dajevima mogu\u0107e je da zatra\u017eimo i neke druge informacije u skladu sa zakonom i izmenama politike privatnosti koje objavimo na sajtu.  <\/p>\n\n\n<style>.wp-block-kadence-advancedheading.kt-adv-heading1620_2034e1-c1, .wp-block-kadence-advancedheading.kt-adv-heading1620_2034e1-c1[data-kb-block=\"kb-adv-heading1620_2034e1-c1\"]{font-style:normal;}.wp-block-kadence-advancedheading.kt-adv-heading1620_2034e1-c1 mark.kt-highlight, .wp-block-kadence-advancedheading.kt-adv-heading1620_2034e1-c1[data-kb-block=\"kb-adv-heading1620_2034e1-c1\"] mark.kt-highlight{font-style:normal;color:#f76a0c;-webkit-box-decoration-break:clone;box-decoration-break:clone;padding-top:0px;padding-right:0px;padding-bottom:0px;padding-left:0px;}<\/style>\n<p class=\"kt-adv-heading1620_2034e1-c1 wp-block-kadence-advancedheading\" data-kb-block=\"kb-adv-heading1620_2034e1-c1\">Ne\u0107emo deliti Va\u0161e podatke sa tre\u0107im licima bez Va\u0161eg pristanka. Preduzimamo sve standardne mere za spre\u010davanje neovla\u0161\u0107enog pristupa Va\u0161im podacima, te ukoliko budemo primorani da neke informacije ustupamo u skladu sa zakonom organima vlasti kao tre\u0107oj strani o tome \u0107ete biti odmah obave\u0161teni. <\/p>\n\n\n<style>.wp-block-kadence-advancedheading.kt-adv-heading1620_86405a-96, .wp-block-kadence-advancedheading.kt-adv-heading1620_86405a-96[data-kb-block=\"kb-adv-heading1620_86405a-96\"]{font-style:normal;}.wp-block-kadence-advancedheading.kt-adv-heading1620_86405a-96 mark.kt-highlight, .wp-block-kadence-advancedheading.kt-adv-heading1620_86405a-96[data-kb-block=\"kb-adv-heading1620_86405a-96\"] mark.kt-highlight{font-style:normal;color:#f76a0c;-webkit-box-decoration-break:clone;box-decoration-break:clone;padding-top:0px;padding-right:0px;padding-bottom:0px;padding-left:0px;}<\/style>\n<h2 class=\"kt-adv-heading1620_86405a-96 wp-block-kadence-advancedheading\" data-kb-block=\"kb-adv-heading1620_86405a-96\">Izuze\u0107e od odgovornosti<\/h2>\n\n\n<style>.wp-block-kadence-advancedheading.kt-adv-heading1620_fa822d-24, .wp-block-kadence-advancedheading.kt-adv-heading1620_fa822d-24[data-kb-block=\"kb-adv-heading1620_fa822d-24\"]{font-style:normal;}.wp-block-kadence-advancedheading.kt-adv-heading1620_fa822d-24 mark.kt-highlight, .wp-block-kadence-advancedheading.kt-adv-heading1620_fa822d-24[data-kb-block=\"kb-adv-heading1620_fa822d-24\"] mark.kt-highlight{font-style:normal;color:#f76a0c;-webkit-box-decoration-break:clone;box-decoration-break:clone;padding-top:0px;padding-right:0px;padding-bottom:0px;padding-left:0px;}<\/style>\n<p class=\"kt-adv-heading1620_fa822d-24 wp-block-kadence-advancedheading\" data-kb-block=\"kb-adv-heading1620_fa822d-24\">Iako se trudimo da pru\u017eimo ta\u010dne i a\u017eurirane informacije na sajtu ne mo\u017eemo uvek garantovati njihovu potpunu ta\u010dnost, te stoga ne snosimo odgovornost za eventualne gre\u0161ke ili nedostatke u sadr\u017eaju. <\/p>\n\n\n<style>.wp-block-kadence-advancedheading.kt-adv-heading1620_a06ebc-19, .wp-block-kadence-advancedheading.kt-adv-heading1620_a06ebc-19[data-kb-block=\"kb-adv-heading1620_a06ebc-19\"]{font-style:normal;}.wp-block-kadence-advancedheading.kt-adv-heading1620_a06ebc-19 mark.kt-highlight, .wp-block-kadence-advancedheading.kt-adv-heading1620_a06ebc-19[data-kb-block=\"kb-adv-heading1620_a06ebc-19\"] mark.kt-highlight{font-style:normal;color:#f76a0c;-webkit-box-decoration-break:clone;box-decoration-break:clone;padding-top:0px;padding-right:0px;padding-bottom:0px;padding-left:0px;}<\/style>\n<p class=\"kt-adv-heading1620_a06ebc-19 wp-block-kadence-advancedheading\" data-kb-block=\"kb-adv-heading1620_a06ebc-19\">The use of information from the website is at your own risk, and we are not responsible for any kind of direct or indirect material or immaterial damage that arises from the use of the website or is in any way related to the use of the website or its content.<\/p>\n\n\n<style>.wp-block-kadence-advancedheading.kt-adv-heading1620_a9fd4b-b6, .wp-block-kadence-advancedheading.kt-adv-heading1620_a9fd4b-b6[data-kb-block=\"kb-adv-heading1620_a9fd4b-b6\"]{font-style:normal;}.wp-block-kadence-advancedheading.kt-adv-heading1620_a9fd4b-b6 mark.kt-highlight, .wp-block-kadence-advancedheading.kt-adv-heading1620_a9fd4b-b6[data-kb-block=\"kb-adv-heading1620_a9fd4b-b6\"] mark.kt-highlight{font-style:normal;color:#f76a0c;-webkit-box-decoration-break:clone;box-decoration-break:clone;padding-top:0px;padding-right:0px;padding-bottom:0px;padding-left:0px;}<\/style>\n<h2 class=\"kt-adv-heading1620_a9fd4b-b6 wp-block-kadence-advancedheading\" data-kb-block=\"kb-adv-heading1620_a9fd4b-b6\">Izmene uslova kori\u0161\u0107enja<\/h2>\n\n\n<style>.wp-block-kadence-advancedheading.kt-adv-heading1620_1ba695-92, .wp-block-kadence-advancedheading.kt-adv-heading1620_1ba695-92[data-kb-block=\"kb-adv-heading1620_1ba695-92\"]{font-style:normal;}.wp-block-kadence-advancedheading.kt-adv-heading1620_1ba695-92 mark.kt-highlight, .wp-block-kadence-advancedheading.kt-adv-heading1620_1ba695-92[data-kb-block=\"kb-adv-heading1620_1ba695-92\"] mark.kt-highlight{font-style:normal;color:#f76a0c;-webkit-box-decoration-break:clone;box-decoration-break:clone;padding-top:0px;padding-right:0px;padding-bottom:0px;padding-left:0px;}<\/style>\n<p class=\"kt-adv-heading1620_1ba695-92 wp-block-kadence-advancedheading\" data-kb-block=\"kb-adv-heading1620_1ba695-92\">Zadr\u017eavamo pravo da mo\u017eemo da izvr\u0161imo izmenu ovih uslova kori\u0161\u0107enja i to tako \u0161to \u0107emo a\u017eurirati tekst uslova kori\u0161\u0107enja bez prethodnog pojedina\u010dnog obave\u0161tenja. Izmene za Vas postaju obavezuju\u0107e danom objavljivanja na ovoj stranici. <\/p>\n\n\n<style>.wp-block-kadence-advancedheading.kt-adv-heading1620_9e9380-d9, .wp-block-kadence-advancedheading.kt-adv-heading1620_9e9380-d9[data-kb-block=\"kb-adv-heading1620_9e9380-d9\"]{font-style:normal;}.wp-block-kadence-advancedheading.kt-adv-heading1620_9e9380-d9 mark.kt-highlight, .wp-block-kadence-advancedheading.kt-adv-heading1620_9e9380-d9[data-kb-block=\"kb-adv-heading1620_9e9380-d9\"] mark.kt-highlight{font-style:normal;color:#f76a0c;-webkit-box-decoration-break:clone;box-decoration-break:clone;padding-top:0px;padding-right:0px;padding-bottom:0px;padding-left:0px;}<\/style>\n<p class=\"kt-adv-heading1620_9e9380-d9 wp-block-kadence-advancedheading\" data-kb-block=\"kb-adv-heading1620_9e9380-d9\">Pristupom sajta nakon izmene uslova Vi automatski prihvatate nove uslove kori\u0161\u0107enja sajta, te Vam iz navedenog razloga predla\u017eemo da povremeno posetite ovu stranicu radi upoznavanja sa trenutno va\u017ee\u0107im uslovima kori\u0161\u0107enja. <\/p>\n<\/div><\/div>\n\n<\/div><\/div>","protected":false},"excerpt":{"rendered":"<p>Uvodne odredbe Ovi uslovi su ugovor izme\u0111u 1CLASSLIMO DOO kao vlasnika sajta i Vas kao korisnika, a kojim se utvr\u0111uju uslovi pod kojim se mo\u017ee pristupati i koristiti usluge i funkcije dostupne na na\u0161em sajtu. Va\u0161e kori\u0161\u0107enje sajta pored odredba ovih Uslova podle\u017eu i na\u0161im odredbama Op\u0161tih uslova poslovanja.Molimo Vas da pa\u017eljivo pro\u010ditate odredbe Uslova&#8230;<\/p>\n","protected":false},"author":1,"featured_media":0,"parent":0,"menu_order":0,"comment_status":"closed","ping_status":"closed","template":"","meta":{"_seopress_robots_primary_cat":"","_seopress_titles_title":"","_seopress_titles_desc":"","_seopress_robots_index":"","_kad_blocks_custom_css":"","_kad_blocks_head_custom_js":"","_kad_blocks_body_custom_js":"","_kad_blocks_footer_custom_js":"","_kadence_starter_templates_imported_post":false,"_kad_post_transparent":"","_kad_post_title":"","_kad_post_layout":"","_kad_post_sidebar_id":"","_kad_post_content_style":"","_kad_post_vertical_padding":"","_kad_post_feature":"","_kad_post_feature_position":"","_kad_post_header":false,"_kad_post_footer":false,"footnotes":""},"class_list":["post-1782","page","type-page","status-publish","hentry"],"taxonomy_info":[],"featured_image_src_large":false,"author_info":{"display_name":"Timortis","author_link":"https:\/\/firstclasslimo.rs\/sr\/author\/timortis\/"},"comment_info":0,"_links":{"self":[{"href":"https:\/\/firstclasslimo.rs\/sr\/wp-json\/wp\/v2\/pages\/1782","targetHints":{"allow":["GET"]}}],"collection":[{"href":"https:\/\/firstclasslimo.rs\/sr\/wp-json\/wp\/v2\/pages"}],"about":[{"href":"https:\/\/firstclasslimo.rs\/sr\/wp-json\/wp\/v2\/types\/page"}],"author":[{"embeddable":true,"href":"https:\/\/firstclasslimo.rs\/sr\/wp-json\/wp\/v2\/users\/1"}],"replies":[{"embeddable":true,"href":"https:\/\/firstclasslimo.rs\/sr\/wp-json\/wp\/v2\/comments?post=1782"}],"version-history":[{"count":0,"href":"https:\/\/firstclasslimo.rs\/sr\/wp-json\/wp\/v2\/pages\/1782\/revisions"}],"wp:attachment":[{"href":"https:\/\/firstclasslimo.rs\/sr\/wp-json\/wp\/v2\/media?parent=1782"}],"curies":[{"name":"wp","href":"https:\/\/api.w.org\/{rel}","templated":true}]}}